{"id":61,"date":"2022-03-12T13:05:05","date_gmt":"2022-03-12T12:05:05","guid":{"rendered":"http:\/\/test.wiecki-immobilien.de\/?page_id=61"},"modified":"2024-09-15T18:12:16","modified_gmt":"2024-09-15T16:12:16","slug":"start","status":"publish","type":"page","link":"http:\/\/www.wiecki-immobilien.de\/","title":{"rendered":"Start"},"content":{"rendered":"<p>[et_pb_section fb_built=&#8220;1&#8243; _builder_version=&#8220;4.16&#8243; _module_preset=&#8220;default&#8220; custom_padding=&#8220;||0px|||&#8220; global_colors_info=&#8220;{}&#8220;][et_pb_row column_structure=&#8220;1_2,1_2&#8243; _builder_version=&#8220;4.27.0&#8243; _module_preset=&#8220;default&#8220; custom_padding=&#8220;||3px|||&#8220; global_colors_info=&#8220;{}&#8220;][et_pb_column type=&#8220;1_2&#8243; _builder_version=&#8220;4.27.0&#8243; _module_preset=&#8220;default&#8220; custom_padding=&#8220;|0px|||false|false&#8220; global_colors_info=&#8220;{}&#8220;][et_pb_blurb title=&#8220;Ihr Eintritt in die Welt der Immobilien&#8220; image=&#8220;http:\/\/test.wiecki-immobilien.de\/wp-content\/uploads\/2022\/03\/real-estate-06-1_mw-Kopie.jpg&#8220; _builder_version=&#8220;4.27.0&#8243; _module_preset=&#8220;default&#8220; header_font=&#8220;||||||||&#8220; header_font_size=&#8220;24px&#8220; custom_margin=&#8220;|-1px|3px|||&#8220; header_text_shadow_style=&#8220;preset3&#8243; header_text_shadow_color=&#8220;#FFFFFF&#8220; box_shadow_style_image=&#8220;preset3&#8243; global_colors_info=&#8220;{}&#8220;]<\/p>\n<p style=\"text-align: justify;\">Ob Haus, Appartment, Wohnprojekt oder Gewerbezentrum &#8211; Miete, Investition, Kauf oder Bau: Ich bin Ihr Immobilienexperte f\u00fcr alle F\u00e4lle! Wo herk\u00f6mmliche &#8222;Hinterhof-Makler&#8220; schnell aufgeben, fange ich erst an: Gerade scheinbar komplizierte Ausgangssituationen etwa bei den Eigentumsverh\u00e4ltnissen oder der Finanzierung empfinde ich als willkommene Herausforderung.\u00a0 Sprechen SIe mich an &#8211; lassen Sie uns gemeinsam etwas aufbauen!<\/p>\n<h4 style=\"text-align: left;\"><strong><\/strong><\/h4>\n<blockquote>\n<h4 style=\"text-align: left;\">Ihr <a href=\"https:\/\/mittelstandsberater-koeln.de\/ueber-uns\/unsere-experten\/michael-wiecki\/\" target=\"_blank\" rel=\"noopener\"><span style=\"text-decoration: underline;\">Michael Wiecki<\/span><\/a><br \/>aus Pulheim bei K\u00f6ln<\/h4>\n<\/blockquote>\n<p>[\/et_pb_blurb][et_pb_cta title=&#8220;Ich unterst\u00fctze Sie gerne!&#8220; button_url=&#8220;mailto:info@wiecki-immobilien.de?cc=wi.interesse@wdhv.de?subject=WI%3A%20Interesse%20an%20einer%20Zusammenarbeit&#038;body=Name%3A%0ATelefonnummer%3A%0AAdresse%3A%0AE-Mail%3A%0AAnliegen%3A&#8220; url_new_window=&#8220;on&#8220; button_text=&#8220;Kontakt&#8220; _builder_version=&#8220;4.27.0&#8243; _module_preset=&#8220;default&#8220; header_font_size=&#8220;21px&#8220; body_line_height=&#8220;1.6em&#8220; min_height=&#8220;93px&#8220; height=&#8220;143px&#8220; custom_margin=&#8220;-21px|0px|-15px||false|false&#8220; custom_padding=&#8220;13px||0px||false|false&#8220; animation_style=&#8220;zoom&#8220; box_shadow_style=&#8220;preset1&#8243; global_colors_info=&#8220;{}&#8220;][\/et_pb_cta][\/et_pb_column][et_pb_column type=&#8220;1_2&#8243; _builder_version=&#8220;4.27.0&#8243; _module_preset=&#8220;default&#8220; custom_padding=&#8220;|||0px|false|false&#8220; global_colors_info=&#8220;{}&#8220;][et_pb_image src=&#8220;http:\/\/www.wiecki-immobilien.de\/wp-content\/uploads\/2023\/05\/zertverwalter_MW_mitstempel_20230309_007844-scaled.jpg&#8220; title_text=&#8220;zertverwalter_MW_mitstempel_20230309_007844&#8243; disabled_on=&#8220;on|on|off&#8220; _builder_version=&#8220;4.27.0&#8243; _module_preset=&#8220;default&#8220; width=&#8220;81.7%&#8220; module_alignment=&#8220;right&#8220; min_height=&#8220;506.5px&#8220; custom_margin=&#8220;||-45px|150px||&#8220; custom_padding=&#8220;||0px|0px||&#8220; border_width_all=&#8220;1px&#8220; border_color_all=&#8220;#000000&#8243; box_shadow_style=&#8220;preset1&#8243; global_colors_info=&#8220;{}&#8220;][\/et_pb_image][\/et_pb_column][\/et_pb_row][\/et_pb_section][et_pb_section fb_built=&#8220;1&#8243; _builder_version=&#8220;4.27.0&#8243; _module_preset=&#8220;default&#8220; custom_margin=&#8220;-1px|||||&#8220; custom_padding=&#8220;0px||0px|||&#8220; global_colors_info=&#8220;{}&#8220;][\/et_pb_section][et_pb_section fb_built=&#8220;1&#8243; _builder_version=&#8220;4.27.0&#8243; _module_preset=&#8220;default&#8220; custom_padding=&#8220;0px|||||&#8220; global_colors_info=&#8220;{}&#8220;][et_pb_row _builder_version=&#8220;4.27.0&#8243; _module_preset=&#8220;default&#8220; custom_padding=&#8220;3px|||||&#8220; global_colors_info=&#8220;{}&#8220;][et_pb_column type=&#8220;4_4&#8243; _builder_version=&#8220;4.27.0&#8243; _module_preset=&#8220;default&#8220; global_colors_info=&#8220;{}&#8220;][et_pb_post_slider include_categories=&#8220;30&#8243; _builder_version=&#8220;4.27.0&#8243; _module_preset=&#8220;default&#8220; background_image=&#8220;http:\/\/www.wiecki-immobilien.de\/wp-content\/uploads\/2024\/08\/c9c32408-050b-47c9-b2f3-ea1fad8efc89.jpeg&#8220; width=&#8220;100%&#8220; min_height=&#8220;538.5px&#8220; custom_margin=&#8220;30px||30px||true|&#8220; link_option_url_new_window=&#8220;on&#8220; hover_enabled=&#8220;0&#8243; global_colors_info=&#8220;{}&#8220; sticky_enabled=&#8220;0&#8243; show_image__hover_enabled=&#8220;off|desktop&#8220;][\/et_pb_post_slider][\/et_pb_column][\/et_pb_row][\/et_pb_section][et_pb_section fb_built=&#8220;1&#8243; _builder_version=&#8220;4.16&#8243; _module_preset=&#8220;default&#8220; custom_margin=&#8220;-38px|||||&#8220; custom_padding=&#8220;6px|||||&#8220; global_colors_info=&#8220;{}&#8220;][et_pb_row column_structure=&#8220;1_3,1_3,1_3&#8243; _builder_version=&#8220;4.16&#8243; _module_preset=&#8220;default&#8220; global_colors_info=&#8220;{}&#8220;][et_pb_column type=&#8220;1_3&#8243; _builder_version=&#8220;4.16&#8243; _module_preset=&#8220;default&#8220; global_colors_info=&#8220;{}&#8220;][et_pb_blog include_categories=&#8220;4,1&#8243; _builder_version=&#8220;4.16&#8243; _module_preset=&#8220;default&#8220; global_colors_info=&#8220;{}&#8220;][\/et_pb_blog][\/et_pb_column][et_pb_column type=&#8220;1_3&#8243; _builder_version=&#8220;4.16&#8243; _module_preset=&#8220;default&#8220; global_colors_info=&#8220;{}&#8220;][et_pb_blog posts_number=&#8220;3&#8243; include_categories=&#8220;6,5&#8243; _builder_version=&#8220;4.16&#8243; _module_preset=&#8220;default&#8220; global_colors_info=&#8220;{}&#8220;][\/et_pb_blog][\/et_pb_column][et_pb_column type=&#8220;1_3&#8243; _builder_version=&#8220;4.16&#8243; _module_preset=&#8220;default&#8220; global_colors_info=&#8220;{}&#8220;][et_pb_sidebar _builder_version=&#8220;4.27.0&#8243; _module_preset=&#8220;default&#8220; link_option_url_new_window=&#8220;on&#8220; global_colors_info=&#8220;{}&#8220;][\/et_pb_sidebar][et_pb_code _builder_version=&#8220;4.27.0&#8243; _module_preset=&#8220;default&#8220; text_orientation=&#8220;justified&#8220; global_colors_info=&#8220;{}&#8220;]<\/p>\n<h2><!-- [et_pb_line_break_holder] -->  Immobilienzeitung<!-- [et_pb_line_break_holder] --><\/h2>\n<p><!\u2013- [et_pb_br_holder] -\u2013><!-- [et_pb_line_break_holder] --><div class=\"wp-rss-template-container\" data-wpra-template=\"default\" data-template-ctx=\"eyJmZWVkcyI6Ind3dy1pei1kZSJ9\">\n    <div class=\"wp-rss-aggregator wpra-list-template  \" data-page=\"1\">\n    \n    \n<ul class=\"wpra-item-list rss-aggregator \"\n    start=\"1\">\n                        <li class=\"wpra-item feed-item \">\n            \n            \n\n    <a  href=\"https:\/\/www.iz.de\/transaktionen\/news\/-aco-passavant-treibt-erweiterungskampagne-in-osthessen-voran-2000043579?utm_source=rss&amp;utm_medium=referral&amp;utm_campaign=news&amp;utm_term=\" target=\"_blank\" rel=\"nofollow\" class=\"\">ACO Passavant treibt Erweiterungskampagne in Osthessen voran<\/a>\n\n\n\n\n\n\n<div class=\"wprss-feed-meta\">\n    \n    \n    <\/div>\n\n\n\n\n\n            \n        <\/li>\n                    <li class=\"wpra-item feed-item \">\n            \n            \n\n    <a  href=\"https:\/\/www.iz.de\/projekte\/news\/-start-fuer-cg-projekt-anna-quartier-in-karlsfeld-2000043575?utm_source=rss&amp;utm_medium=referral&amp;utm_campaign=news&amp;utm_term=\" target=\"_blank\" rel=\"nofollow\" class=\"\">Start f\u00fcr CG-Projekt Anna Quartier in Karlsfeld<\/a>\n\n\n\n\n\n\n<div class=\"wprss-feed-meta\">\n    \n    \n    <\/div>\n\n\n\n\n\n            \n        <\/li>\n                    <li class=\"wpra-item feed-item \">\n            \n            \n\n    <a  href=\"https:\/\/www.iz.de\/projekte\/news\/-haimhausen-ebnet-weg-fuer-quartier-alte-schlossbrauerei-2000043574?utm_source=rss&amp;utm_medium=referral&amp;utm_campaign=news&amp;utm_term=\" target=\"_blank\" rel=\"nofollow\" class=\"\">\u00b4: Haimhausen ebnet Weg f\u00fcr Quartier Alte Schlossbrauerei<\/a>\n\n\n\n\n\n\n<div class=\"wprss-feed-meta\">\n    \n    \n    <\/div>\n\n\n\n\n\n            \n        <\/li>\n                    <li class=\"wpra-item feed-item \">\n            \n            \n\n    <a  href=\"https:\/\/www.iz.de\/transaktionen\/news\/-anwaltskanzlei-wird-ankermieter-am-frankfurter-opernplatz-2000043571?utm_source=rss&amp;utm_medium=referral&amp;utm_campaign=news&amp;utm_term=\" target=\"_blank\" rel=\"nofollow\" class=\"\">Anwaltskanzlei wird Ankermieter am Frankfurter Opernplatz<\/a>\n\n\n\n\n\n\n<div class=\"wprss-feed-meta\">\n    \n    \n    <\/div>\n\n\n\n\n\n            \n        <\/li>\n                    <li class=\"wpra-item feed-item \">\n            \n            \n\n    <a  href=\"https:\/\/www.iz.de\/unternehmen\/news\/-klueh-waechst-um-rund-4-2000043568?utm_source=rss&amp;utm_medium=referral&amp;utm_campaign=news&amp;utm_term=\" target=\"_blank\" rel=\"nofollow\" class=\"\">Kl\u00fch w\u00e4chst um rund 4%<\/a>\n\n\n\n\n\n\n<div class=\"wprss-feed-meta\">\n    \n    \n    <\/div>\n\n\n\n\n\n            \n        <\/li>\n                    <li class=\"wpra-item feed-item \">\n            \n            \n\n    <a  href=\"https:\/\/www.iz.de\/unternehmen\/news\/-green-places-gibt-sich-ein-eigenes-fm-2000043566?utm_source=rss&amp;utm_medium=referral&amp;utm_campaign=news&amp;utm_term=\" target=\"_blank\" rel=\"nofollow\" class=\"\">Green Places gibt sich ein eigenes FM<\/a>\n\n\n\n\n\n\n<div class=\"wprss-feed-meta\">\n    \n    \n    <\/div>\n\n\n\n\n\n            \n        <\/li>\n                    <li class=\"wpra-item feed-item \">\n            \n            \n\n    <a  href=\"https:\/\/www.iz.de\/unternehmen\/news\/-tochter-der-klosterkammer-hannover-steigt-ins-immobilieninvestment-ein-2000043567?utm_source=rss&amp;utm_medium=referral&amp;utm_campaign=news&amp;utm_term=\" target=\"_blank\" rel=\"nofollow\" class=\"\">Tochter der Klosterkammer Hannover steigt ins Immobilieninvestment ein<\/a>\n\n\n\n\n\n\n<div class=\"wprss-feed-meta\">\n    \n    \n    <\/div>\n\n\n\n\n\n            \n        <\/li>\n                    <li class=\"wpra-item feed-item \">\n            \n            \n\n    <a  href=\"https:\/\/www.iz.de\/transaktionen\/news\/-wohnplattform-von-deutsche-finance-kauft-97-reihenhaeuser-in-daenemark-2000043570?utm_source=rss&amp;utm_medium=referral&amp;utm_campaign=news&amp;utm_term=\" target=\"_blank\" rel=\"nofollow\" class=\"\">Wohnplattform von Deutsche Finance kauft 97 Reihenh\u00e4user in D\u00e4nemark<\/a>\n\n\n\n\n\n\n<div class=\"wprss-feed-meta\">\n    \n    \n    <\/div>\n\n\n\n\n\n            \n        <\/li>\n                    <li class=\"wpra-item feed-item \">\n            \n            \n\n    <a  href=\"https:\/\/www.iz.de\/unternehmen\/news\/-stadt-meerbusch-und-dornieden-gruenden-baugenossenschaft-2000043564?utm_source=rss&amp;utm_medium=referral&amp;utm_campaign=news&amp;utm_term=\" target=\"_blank\" rel=\"nofollow\" class=\"\">Stadt Meerbusch und Dornieden gr\u00fcnden Baugenossenschaft<\/a>\n\n\n\n\n\n\n<div class=\"wprss-feed-meta\">\n    \n    \n    <\/div>\n\n\n\n\n\n            \n        <\/li>\n                    <li class=\"wpra-item feed-item \">\n            \n            \n\n    <a  href=\"https:\/\/www.iz.de\/transaktionen\/news\/-golfresort-oeschberghof-in-donaueschingen-gehoert-nun-zech-stiftung-2000043569?utm_source=rss&amp;utm_medium=referral&amp;utm_campaign=news&amp;utm_term=\" target=\"_blank\" rel=\"nofollow\" class=\"\">Golfresort \u00d6schberghof in Donaueschingen geh\u00f6rt nun Zech-Stiftung<\/a>\n\n\n\n\n\n\n<div class=\"wprss-feed-meta\">\n    \n    \n    <\/div>\n\n\n\n\n\n            \n        <\/li>\n                    <li class=\"wpra-item feed-item \">\n            \n            \n\n    <a  href=\"https:\/\/www.iz.de\/transaktionen\/news\/-golfresort-oeschberghof-in-donaueschingen-gehoert-nun-zech-2000043569?utm_source=rss&amp;utm_medium=referral&amp;utm_campaign=news&amp;utm_term=\" target=\"_blank\" rel=\"nofollow\" class=\"\">Golfresort \u00d6schberghof in Donaueschingen geh\u00f6rt nun Zech<\/a>\n\n\n\n\n\n\n<div class=\"wprss-feed-meta\">\n    \n    \n    <\/div>\n\n\n\n\n\n            \n        <\/li>\n                    <li class=\"wpra-item feed-item \">\n            \n            \n\n    <a  href=\"https:\/\/www.iz.de\/maerkte\/news\/-iran-schock-halbiert-dealvolumen-in-europa-2000043565?utm_source=rss&amp;utm_medium=referral&amp;utm_campaign=news&amp;utm_term=\" target=\"_blank\" rel=\"nofollow\" class=\"\">Iran-Schock halbiert Dealvolumen in Europa<\/a>\n\n\n\n\n\n\n<div class=\"wprss-feed-meta\">\n    \n    \n    <\/div>\n\n\n\n\n\n            \n        <\/li>\n                    <li class=\"wpra-item feed-item \">\n            \n            \n\n    <a  href=\"https:\/\/www.iz.de\/projekte\/news\/-pier-drei-plant-hotel-in-luebeck-2000043527?utm_source=rss&amp;utm_medium=referral&amp;utm_campaign=news&amp;utm_term=\" target=\"_blank\" rel=\"nofollow\" class=\"\">Pier Drei plant Hotel in L\u00fcbeck<\/a>\n\n\n\n\n\n\n<div class=\"wprss-feed-meta\">\n    \n    \n    <\/div>\n\n\n\n\n\n            \n        <\/li>\n                    <li class=\"wpra-item feed-item \">\n            \n            \n\n    <a  href=\"https:\/\/www.iz.de\/presseschau\/news\/-seniorenquartier-fischbeker-hoefe-in-hamburg-waechst-2000043558?utm_source=rss&amp;utm_medium=referral&amp;utm_campaign=news&amp;utm_term=\" target=\"_blank\" rel=\"nofollow\" class=\"\">Seniorenquartier Fischbeker H\u00f6fe in Hamburg w\u00e4chst<\/a>\n\n\n\n\n\n\n<div class=\"wprss-feed-meta\">\n    \n    \n    <\/div>\n\n\n\n\n\n            \n        <\/li>\n                    <li class=\"wpra-item feed-item \">\n            \n            \n\n    <a  href=\"https:\/\/www.iz.de\/presseschau\/news\/-landsberg-will-techpark-erweitern-2000043555?utm_source=rss&amp;utm_medium=referral&amp;utm_campaign=news&amp;utm_term=\" target=\"_blank\" rel=\"nofollow\" class=\"\">Landsberg will Techpark erweitern<\/a>\n\n\n\n\n\n\n<div class=\"wprss-feed-meta\">\n    \n    \n    <\/div>\n\n\n\n\n\n            \n        <\/li>\n        <\/ul>\n\n        \n<\/div>\n\n<\/div>\n[\/et_pb_code][et_pb_code _builder_version=&#8220;4.27.0&#8243; _module_preset=&#8220;default&#8220; text_orientation=&#8220;justified&#8220; global_colors_info=&#8220;{}&#8220;]<\/p>\n<h2><!-- [et_pb_line_break_holder] -->  Immobilien-Journal<!-- [et_pb_line_break_holder] --><\/h2>\n<p><!\u2013- [et_pb_br_holder] -\u2013><!-- [et_pb_line_break_holder] --><div class=\"wp-rss-template-container\" data-wpra-template=\"default\" data-template-ctx=\"eyJmZWVkcyI6ImltbW8tam91cm5hbCJ9\">\n    <div class=\"wp-rss-aggregator wpra-list-template  \" data-page=\"1\">\n    \n    \n<ul class=\"wpra-item-list rss-aggregator \"\n    start=\"1\">\n                        <li class=\"wpra-item feed-item \">\n            \n            \n\n    <a  href=\"https:\/\/www.immobilien-journal.de\/bauen\/ausbau-sanierung\/energetische-sanierung-hochwertige-fenster-2026\/\" target=\"_blank\" rel=\"nofollow\" class=\"\">Energetische Sanierung: Hochwertige Fenster f\u00fcr die optimale Geb\u00e4udeh\u00fclle 2026<\/a>\n\n\n\n\n\n\n<div class=\"wprss-feed-meta\">\n    \n    \n    <\/div>\n\n\n\n\n\n            \n        <\/li>\n                    <li class=\"wpra-item feed-item \">\n            \n            \n\n    <a  href=\"https:\/\/www.immobilien-journal.de\/recht\/hausbau-recht\/rechtliche-stolperfallen-hausbau-checkliste-2026\/\" target=\"_blank\" rel=\"nofollow\" class=\"\">Rechtliche Stolperfallen beim Hausbau: Checkliste f\u00fcr angehende Bauherren 2026<\/a>\n\n\n\n\n\n\n<div class=\"wprss-feed-meta\">\n    \n    \n    <\/div>\n\n\n\n\n\n            \n        <\/li>\n                    <li class=\"wpra-item feed-item \">\n            \n            \n\n    <a  href=\"https:\/\/www.immobilien-journal.de\/immobilienmarkt-aktuell\/wertermittlung-bei-bestandsimmobilien-2026\/\" target=\"_blank\" rel=\"nofollow\" class=\"\">Wertermittlung bei Bestandsimmobilien: Wichtige Faktoren f\u00fcr den Verkaufserfolg 2026<\/a>\n\n\n\n\n\n\n<div class=\"wprss-feed-meta\">\n    \n    \n    <\/div>\n\n\n\n\n\n            \n        <\/li>\n                    <li class=\"wpra-item feed-item \">\n            \n            \n\n    <a  href=\"https:\/\/www.immobilien-journal.de\/wohntrends\/moebel-und-deko\/esszimmer-gestaltung-massivholzmoebel-2026\/\" target=\"_blank\" rel=\"nofollow\" class=\"\">Esszimmer-Gestaltung: Massivholzm\u00f6bel als Herzst\u00fcck moderner Wohnkonzepte 2026<\/a>\n\n\n\n\n\n\n<div class=\"wprss-feed-meta\">\n    \n    \n    <\/div>\n\n\n\n\n\n            \n        <\/li>\n                    <li class=\"wpra-item feed-item \">\n            \n            \n\n    <a  href=\"https:\/\/www.immobilien-journal.de\/wohntrends\/kinderzimmer\/nachhaltiges-kinderzimmer-2026\/\" target=\"_blank\" rel=\"nofollow\" class=\"\">Nachhaltiges Kinderzimmer: Planung und Einrichtung f\u00fcr den Familiennachwuchs 2026<\/a>\n\n\n\n\n\n\n<div class=\"wprss-feed-meta\">\n    \n    \n    <\/div>\n\n\n\n\n\n            \n        <\/li>\n                    <li class=\"wpra-item feed-item \">\n            \n            \n\n    <a  href=\"https:\/\/www.immobilien-journal.de\/bauen\/ausbau-sanierung\/hohenarbeiten-am-eigenheim\/\" target=\"_blank\" rel=\"nofollow\" class=\"\">H\u00f6henarbeiten am Eigenheim: Sicherer Fassadenbau und Instandhaltung bei Sanierungsprojekten<\/a>\n\n\n\n\n\n\n<div class=\"wprss-feed-meta\">\n    \n    \n    <\/div>\n\n\n\n\n\n            \n        <\/li>\n                    <li class=\"wpra-item feed-item \">\n            \n            \n\n    <a  href=\"https:\/\/www.immobilien-journal.de\/rund-ums-haus\/balkon-und-terrasse\/schattenkonzepte-terrasse-2026\/\" target=\"_blank\" rel=\"nofollow\" class=\"\">Die optimale Gestaltung der Au\u00dfenanlage: Schattenkonzepte f\u00fcr moderne Terrassen 2026<\/a>\n\n\n\n\n\n\n<div class=\"wprss-feed-meta\">\n    \n    \n    <\/div>\n\n\n\n\n\n            \n        <\/li>\n                    <li class=\"wpra-item feed-item \">\n            \n            \n\n    <a  href=\"https:\/\/www.immobilien-journal.de\/wohntrends\/bad\/badsanierung-ohne-fliesen\/\" target=\"_blank\" rel=\"nofollow\" class=\"\">Badsanierung ohne Fliesen: Zeitgem\u00e4\u00dfe Oberfl\u00e4chen f\u00fcr moderne Nassbereiche<\/a>\n\n\n\n\n\n\n<div class=\"wprss-feed-meta\">\n    \n    \n    <\/div>\n\n\n\n\n\n            \n        <\/li>\n                    <li class=\"wpra-item feed-item \">\n            \n            \n\n    <a  href=\"https:\/\/www.immobilien-journal.de\/rund-ums-haus\/gartengestaltung\/individuelle-aussenanlagen-gestalten-planungshilfe-fuer-die-stilvolle-grundstuecksausstattung\/\" target=\"_blank\" rel=\"nofollow\" class=\"\">Individuelle Au\u00dfenanlagen gestalten: Planungshilfe f\u00fcr die stilvolle Grundst\u00fccksausstattung<\/a>\n\n\n\n\n\n\n<div class=\"wprss-feed-meta\">\n    \n    \n    <\/div>\n\n\n\n\n\n            \n        <\/li>\n                    <li class=\"wpra-item feed-item \">\n            \n            \n\n    <a  href=\"https:\/\/www.immobilien-journal.de\/bauen\/fenster\/insektenschutz-beim-hausbau\/\" target=\"_blank\" rel=\"nofollow\" class=\"\">Insektenschutz beim Hausbau: Moderne L\u00f6sungen f\u00fcr gesundes Wohnen<\/a>\n\n\n\n\n\n\n<div class=\"wprss-feed-meta\">\n    \n    \n    <\/div>\n\n\n\n\n\n            \n        <\/li>\n                    <li class=\"wpra-item feed-item \">\n            \n            \n\n    <a  href=\"https:\/\/www.immobilien-journal.de\/immobilienmarkt-aktuell\/immobilienerwerb\/vom-fernweh-zum-neuanfang-wie-man-sich-in-spanien-ein-zuhause-aufbaut\/\" target=\"_blank\" rel=\"nofollow\" class=\"\">Vom Fernweh zum Neuanfang: Wie man sich in Spanien ein Zuhause aufbaut<\/a>\n\n\n\n\n\n\n<div class=\"wprss-feed-meta\">\n    \n    \n    <\/div>\n\n\n\n\n\n            \n        <\/li>\n                    <li class=\"wpra-item feed-item \">\n            \n            \n\n    <a  href=\"https:\/\/www.immobilien-journal.de\/bauen\/oekologisches-bauen\/was-macht-nachhaltiges-wohnen-attraktiv-fuer-hausbesitzer\/\" target=\"_blank\" rel=\"nofollow\" class=\"\">Was macht nachhaltiges Wohnen attraktiv f\u00fcr Hausbesitzer?<\/a>\n\n\n\n\n\n\n<div class=\"wprss-feed-meta\">\n    \n    \n    <\/div>\n\n\n\n\n\n            \n        <\/li>\n                    <li class=\"wpra-item feed-item \">\n            \n            \n\n    <a  href=\"https:\/\/www.immobilien-journal.de\/rund-ums-haus\/achte-auf-versandkosten-und-lagerstatus-bevor-du-bestellst\/\" target=\"_blank\" rel=\"nofollow\" class=\"\">Achte auf Versandkosten und Lagerstatus, bevor du bestellst<\/a>\n\n\n\n\n\n\n<div class=\"wprss-feed-meta\">\n    \n    \n    <\/div>\n\n\n\n\n\n            \n        <\/li>\n                    <li class=\"wpra-item feed-item \">\n            \n            \n\n    <a  href=\"https:\/\/www.immobilien-journal.de\/immobilienmarkt-aktuell\/immobilienerwerb\/immobilienmarkt-landau-pfalz\/\" target=\"_blank\" rel=\"nofollow\" class=\"\">Immobilienmarkt Landau in der Pfalz: Chancen, Risiken und regionale Besonderheiten<\/a>\n\n\n\n\n\n\n<div class=\"wprss-feed-meta\">\n    \n    \n    <\/div>\n\n\n\n\n\n            \n        <\/li>\n                    <li class=\"wpra-item feed-item \">\n            \n            \n\n    <a  href=\"https:\/\/www.immobilien-journal.de\/wohntrends\/lichttechnik\/innovative-led-strips\/\" target=\"_blank\" rel=\"nofollow\" class=\"\">Erleuchte dein Zuhause mit innovativen LED-Strips<\/a>\n\n\n\n\n\n\n<div class=\"wprss-feed-meta\">\n    \n    \n    <\/div>\n\n\n\n\n\n            \n        <\/li>\n        <\/ul>\n\n        \n<\/div>\n\n<\/div>\n[\/et_pb_code][et_pb_code disabled_on=&#8220;on|on|on&#8220; _builder_version=&#8220;4.16&#8243; _module_preset=&#8220;default&#8220; max_width=&#8220;90%&#8220; box_shadow_style=&#8220;preset4&#8243; disabled=&#8220;on&#8220; global_colors_info=&#8220;{}&#8220;]<iframe loading=\"lazy\" src=\"https:\/\/www.facebook.com\/plugins\/post.php?href=https%3A%2F%2Fwww.facebook.com%2FImmoWiecki%2Fposts%2F3716088335081769&#038;show_text=true&#038;width=500\" width=\"500\" height=\"507\" style=\"border:none;overflow:hidden\" scrolling=\"no\" frameborder=\"0\" allowfullscreen=\"true\" allow=\"autoplay; clipboard-write; encrypted-media; picture-in-picture; web-share\"><\/iframe>[\/et_pb_code][et_pb_post_nav _builder_version=&#8220;4.16&#8243; _module_preset=&#8220;default&#8220; global_colors_info=&#8220;{}&#8220;][\/et_pb_post_nav][\/et_pb_column][\/et_pb_row][\/et_pb_section]<\/p>\n","protected":false},"excerpt":{"rendered":"<p>Ob Haus, Appartment, Wohnprojekt oder Gewerbezentrum &#8211; Miete, Investition, Kauf oder Bau: Ich bin Ihr Immobilienexperte f\u00fcr alle F\u00e4lle! Wo herk\u00f6mmliche &#8222;Hinterhof-Makler&#8220; schnell aufgeben, fange ich erst an: Gerade scheinbar komplizierte Ausgangssituationen etwa bei den Eigentumsverh\u00e4ltnissen oder der Finanzierung empfinde ich als willkommene Herausforderung.\u00a0 Sprechen SIe mich an &#8211; lassen Sie uns gemeinsam etwas aufbauen! [&hellip;]<\/p>\n","protected":false},"author":2,"featured_media":0,"parent":0,"menu_order":0,"comment_status":"closed","ping_status":"closed","template":"","meta":{"_et_pb_use_builder":"on","_et_pb_old_content":"","_et_gb_content_width":"","footnotes":""},"class_list":["post-61","page","type-page","status-publish","hentry"],"_links":{"self":[{"href":"http:\/\/www.wiecki-immobilien.de\/index.php?rest_route=\/wp\/v2\/pages\/61","targetHints":{"allow":["GET"]}}],"collection":[{"href":"http:\/\/www.wiecki-immobilien.de\/index.php?rest_route=\/wp\/v2\/pages"}],"about":[{"href":"http:\/\/www.wiecki-immobilien.de\/index.php?rest_route=\/wp\/v2\/types\/page"}],"author":[{"embeddable":true,"href":"http:\/\/www.wiecki-immobilien.de\/index.php?rest_route=\/wp\/v2\/users\/2"}],"replies":[{"embeddable":true,"href":"http:\/\/www.wiecki-immobilien.de\/index.php?rest_route=%2Fwp%2Fv2%2Fcomments&post=61"}],"version-history":[{"count":35,"href":"http:\/\/www.wiecki-immobilien.de\/index.php?rest_route=\/wp\/v2\/pages\/61\/revisions"}],"predecessor-version":[{"id":1536,"href":"http:\/\/www.wiecki-immobilien.de\/index.php?rest_route=\/wp\/v2\/pages\/61\/revisions\/1536"}],"wp:attachment":[{"href":"http:\/\/www.wiecki-immobilien.de\/index.php?rest_route=%2Fwp%2Fv2%2Fmedia&parent=61"}],"curies":[{"name":"wp","href":"https:\/\/api.w.org\/{rel}","templated":true}]}}